{"id":2426,"date":"2021-04-15T15:03:16","date_gmt":"2021-04-15T15:03:16","guid":{"rendered":"https:\/\/www.prosilva.ch\/ps2021\/definition\/"},"modified":"2022-01-11T07:20:12","modified_gmt":"2022-01-11T07:20:12","slug":"definition","status":"publish","type":"page","link":"https:\/\/staging.prosilva.ch\/fr\/definition\/","title":{"rendered":"D\u00e9finition"},"content":{"rendered":"<p><div class=\"fusion-fullwidth fullwidth-box fusion-builder-row-1 fusion-flex-container hundred-percent-fullwidth non-hundred-percent-height-scrolling\" style=\"--awb-background-position:left top;--awb-border-sizes-top:0px;--awb-border-sizes-bottom:0px;--awb-border-sizes-left:0px;--awb-border-sizes-right:0px;--awb-border-radius-top-left:0px;--awb-border-radius-top-right:0px;--awb-border-radius-bottom-right:0px;--awb-border-radius-bottom-left:0px;--awb-padding-top:209px;--awb-padding-bottom:54px;--awb-padding-top-small:60px;--awb-margin-bottom:100px;--awb-margin-bottom-small:60px;--awb-background-color:#00a35b;--awb-flex-wrap:wrap;\" ><div class=\"fusion-builder-row fusion-row fusion-flex-align-items-flex-start fusion-flex-content-wrap\" style=\"width:calc( 100% + 0px ) !important;max-width:calc( 100% + 0px ) !important;margin-left: calc(-0px \/ 2 );margin-right: calc(-0px \/ 2 );\"><div class=\"fusion-layout-column fusion_builder_column fusion-builder-column-0 fusion_builder_column_1_2 1_2 fusion-flex-column\" style=\"--awb-bg-size:cover;--awb-width-large:50%;--awb-margin-top-large:0px;--awb-spacing-right-large:0px;--awb-margin-bottom-large:0px;--awb-spacing-left-large:0px;--awb-width-medium:100%;--awb-spacing-right-medium:0px;--awb-spacing-left-medium:0px;--awb-width-small:100%;--awb-spacing-right-small:0px;--awb-spacing-left-small:0px;\"><div class=\"fusion-column-wrapper fusion-flex-justify-content-flex-start fusion-content-layout-column\"><div class=\"fusion-title title fusion-title-1 fusion-sep-none fusion-title-text fusion-title-size-one\"><h1 class=\"fusion-title-heading title-heading-left fusion-responsive-typography-calculated\" style=\"margin:0;--fontSize:48;line-height:1.2;\">Ce que nous entendons par for\u00eat p\u00e9renne<\/h1><\/div><\/div><\/div><\/div><\/div><div class=\"fusion-fullwidth fullwidth-box fusion-builder-row-2 fusion-flex-container hundred-percent-fullwidth non-hundred-percent-height-scrolling\" style=\"--awb-background-position:right center;--awb-border-sizes-top:0px;--awb-border-sizes-bottom:0px;--awb-border-sizes-left:0px;--awb-border-sizes-right:0px;--awb-border-radius-top-left:0px;--awb-border-radius-top-right:0px;--awb-border-radius-bottom-right:0px;--awb-border-radius-bottom-left:0px;--awb-margin-bottom:200px;--awb-flex-wrap:wrap;\" ><div class=\"fusion-builder-row fusion-row fusion-flex-align-items-flex-start fusion-flex-content-wrap\" style=\"width:110% !important;max-width:110% !important;margin-left: calc(-10% \/ 2 );margin-right: calc(-10% \/ 2 );\"><div class=\"fusion-layout-column fusion_builder_column fusion-builder-column-1 fusion_builder_column_1_2 1_2 fusion-flex-column\" style=\"--awb-padding-bottom:50px;--awb-bg-size:cover;--awb-width-large:50%;--awb-margin-top-large:0px;--awb-spacing-right-large:9%;--awb-margin-bottom-large:0px;--awb-spacing-left-large:9%;--awb-width-medium:100%;--awb-spacing-right-medium:4.5%;--awb-spacing-left-medium:4.5%;--awb-width-small:100%;--awb-spacing-right-small:4.5%;--awb-spacing-left-small:4.5%;\"><div class=\"fusion-column-wrapper fusion-flex-justify-content-flex-start fusion-content-layout-column\"><div class=\"fusion-title title fusion-title-2 fusion-sep-none fusion-title-text fusion-title-size-two\" style=\"--awb-margin-bottom:30px;\"><h2 class=\"fusion-title-heading title-heading-left fusion-responsive-typography-calculated\" style=\"margin:0;--fontSize:34;line-height:1.2;\">Une for\u00eat p\u00e9renne, qu\u2019est-ce que c\u2019est ?<\/h2><\/div><div class=\"fusion-text fusion-text-1\"><p>Une for\u00eat p\u00e9renne en \u00e9quilibre est une for\u00eat \u00e9tag\u00e9e d\u2019essences ligneuses en station. Les diff\u00e9rentes g\u00e9n\u00e9rations d\u2019arbres sont m\u00e9lang\u00e9es pied par pied ou par touffe. Le mat\u00e9riel sur pied reste relativement constant \u00e0 un niveau adapt\u00e9. La for\u00eat p\u00e9renne garde ce caract\u00e8re forestier sp\u00e9cial de fa\u00e7on durable et sur toute sa superficie.<\/p>\n<p>En for\u00eat p\u00e9renne, on exploite pied par pied et selon des rotations r\u00e9guli\u00e8res sur toute la surface foresti\u00e8re (principe du jardinage). Pour ce faire, le massif forestier est divis\u00e9 en unit\u00e9s de gestion.<\/p>\n<p>La for\u00eat est p\u00e9renne \u00e0 partir du moment o\u00f9 l\u2019on renonce aux coupes sur de grandes surfaces. Le but de la gestion selon les principes de la for\u00eat p\u00e9renne est de produire de gros bois de qualit\u00e9.<\/p>\n<p>Dans une for\u00eat p\u00e9renne en \u00e9quilibre, on ne d\u00e9limite pas des peuplements selon leur \u00e2ge ou leur structure. Dans les for\u00eats par classes d\u2019\u00e2ge, les diff\u00e9rentes g\u00e9n\u00e9rations d\u2019arbres se trouvent dans des peuplements d\u2019\u00e2ge homog\u00e8ne s\u00e9par\u00e9s dans l\u2019espace.<\/p>\n<\/div><\/div><\/div><div class=\"fusion-layout-column fusion_builder_column fusion-builder-column-2 fusion_builder_column_1_2 1_2 fusion-flex-column\" style=\"--awb-bg-size:cover;--awb-width-large:50%;--awb-margin-top-large:0px;--awb-spacing-right-large:9%;--awb-margin-bottom-large:0px;--awb-spacing-left-large:9%;--awb-width-medium:100%;--awb-order-medium:0;--awb-spacing-right-medium:4.5%;--awb-spacing-left-medium:4.5%;--awb-width-small:100%;--awb-order-small:0;--awb-spacing-right-small:4.5%;--awb-spacing-left-small:4.5%;\"><div class=\"fusion-column-wrapper fusion-column-has-shadow fusion-flex-justify-content-flex-start fusion-content-layout-column\"><div class=\"fusion-title title fusion-title-3 fusion-sep-none fusion-title-text fusion-title-size-four\" style=\"--awb-margin-top:-7px;--awb-margin-bottom:50px;\"><h4 class=\"fusion-title-heading title-heading-left fusion-responsive-typography-calculated\" style=\"margin:0;--fontSize:20;--minFontSize:20;line-height:2;\">La for\u00eat p\u00e9renne dans les r\u00e9gimes de la gestion foresti\u00e8re<\/h4><\/div><div class=\"fusion-image-element \" style=\"--awb-caption-title-font-family:var(--h2_typography-font-family);--awb-caption-title-font-weight:var(--h2_typography-font-weight);--awb-caption-title-font-style:var(--h2_typography-font-style);--awb-caption-title-size:var(--h2_typography-font-size);--awb-caption-title-transform:var(--h2_typography-text-transform);--awb-caption-title-line-height:var(--h2_typography-line-height);--awb-caption-title-letter-spacing:var(--h2_typography-letter-spacing);\"><span class=\" fusion-imageframe imageframe-none imageframe-1 hover-type-none\"><img decoding=\"async\" width=\"2500\" height=\"2340\" title=\"hochwald\" src=\"data:image\/svg+xml,%3Csvg%20xmlns%3D%27http%3A%2F%2Fwww.w3.org%2F2000%2Fsvg%27%20width%3D%272500%27%20height%3D%272340%27%20viewBox%3D%270%200%202500%202340%27%3E%3Crect%20width%3D%272500%27%20height%3D%272340%27%20fill-opacity%3D%220%22%2F%3E%3C%2Fsvg%3E\" data-orig-src=\"https:\/\/staging.prosilva.ch\/wp-content\/uploads\/2022\/01\/futaie-1.png\" alt class=\"lazyload img-responsive wp-image-1494\"\/><\/span><\/div><\/div><\/div><\/div><\/div><\/p>\n","protected":false},"excerpt":{"rendered":"","protected":false},"author":1,"featured_media":0,"parent":0,"menu_order":0,"comment_status":"closed","ping_status":"closed","template":"100-width.php","meta":{"footnotes":""},"class_list":["post-2426","page","type-page","status-publish","hentry"],"_links":{"self":[{"href":"https:\/\/staging.prosilva.ch\/fr\/wp-json\/wp\/v2\/pages\/2426","targetHints":{"allow":["GET"]}}],"collection":[{"href":"https:\/\/staging.prosilva.ch\/fr\/wp-json\/wp\/v2\/pages"}],"about":[{"href":"https:\/\/staging.prosilva.ch\/fr\/wp-json\/wp\/v2\/types\/page"}],"author":[{"embeddable":true,"href":"https:\/\/staging.prosilva.ch\/fr\/wp-json\/wp\/v2\/users\/1"}],"replies":[{"embeddable":true,"href":"https:\/\/staging.prosilva.ch\/fr\/wp-json\/wp\/v2\/comments?post=2426"}],"version-history":[{"count":9,"href":"https:\/\/staging.prosilva.ch\/fr\/wp-json\/wp\/v2\/pages\/2426\/revisions"}],"predecessor-version":[{"id":3222,"href":"https:\/\/staging.prosilva.ch\/fr\/wp-json\/wp\/v2\/pages\/2426\/revisions\/3222"}],"wp:attachment":[{"href":"https:\/\/staging.prosilva.ch\/fr\/wp-json\/wp\/v2\/media?parent=2426"}],"curies":[{"name":"wp","href":"https:\/\/api.w.org\/{rel}","templated":true}]}}